{"id":13,"date":"2025-12-20T16:31:40","date_gmt":"2025-12-20T19:31:40","guid":{"rendered":"https:\/\/artelier.gsar.com.br\/?page_id=13"},"modified":"2026-01-15T11:18:28","modified_gmt":"2026-01-15T14:18:28","slug":"sobre-nos","status":"publish","type":"page","link":"https:\/\/artelier.gsar.com.br\/?page_id=13","title":{"rendered":"sobre n\u00f3s"},"content":{"rendered":"\t\t<div data-elementor-type=\"wp-page\" data-elementor-id=\"13\" class=\"elementor elementor-13\">\n\t\t\t\t<div class=\"elementor-element elementor-element-efa3d5a e-flex e-con-boxed wpr-particle-no wpr-jarallax-no wpr-parallax-no wpr-sticky-section-no e-con e-parent\" data-id=\"efa3d5a\" data-element_type=\"container\">\n\t\t\t\t\t<div class=\"e-con-inner\">\n\t\t\t\t<div class=\"elementor-element elementor-element-cd09f2b elementor-widget-divider--view-line elementor-widget elementor-widget-divider\" data-id=\"cd09f2b\" data-element_type=\"widget\" data-widget_type=\"divider.default\">\n\t\t\t\t\t\t\t<div class=\"elementor-divider\">\n\t\t\t<span class=\"elementor-divider-separator\">\n\t\t\t\t\t\t<\/span>\n\t\t<\/div>\n\t\t\t\t\t\t<\/div>\n\t\t\t\t<div class=\"elementor-element elementor-element-5af4583 elementor-widget elementor-widget-heading\" data-id=\"5af4583\" data-element_type=\"widget\" data-widget_type=\"heading.default\">\n\t\t\t\t\t<h2 class=\"elementor-heading-title elementor-size-default\">Sobre a ARtelier<\/h2>\t\t\t\t<\/div>\n\t\t\t\t<div class=\"elementor-element elementor-element-f3aca64 elementor-widget elementor-widget-heading\" data-id=\"f3aca64\" data-element_type=\"widget\" data-widget_type=\"heading.default\">\n\t\t\t\t\t<h2 class=\"elementor-heading-title elementor-size-default\">Vamos conversar sobre o seu projeto.<\/h2>\t\t\t\t<\/div>\n\t\t\t\t<div class=\"elementor-element elementor-element-2d6dae0 elementor-widget__width-initial elementor-absolute elementor-widget elementor-widget-heading\" data-id=\"2d6dae0\" data-element_type=\"widget\" data-settings=\"{&quot;_position&quot;:&quot;absolute&quot;}\" data-widget_type=\"heading.default\">\n\t\t\t\t\t<h2 class=\"elementor-heading-title elementor-size-default\">A ARtelier \u00e9 um est\u00fadio de engenharia especializado em solu\u00e7\u00f5es sob medida para resid\u00eancias de alto padr\u00e3o.<\/h2>\t\t\t\t<\/div>\n\t\t\t\t<div class=\"elementor-element elementor-element-f9e50e5 elementor-widget__width-initial elementor-absolute elementor-widget elementor-widget-heading\" data-id=\"f9e50e5\" data-element_type=\"widget\" data-settings=\"{&quot;_position&quot;:&quot;absolute&quot;}\" data-widget_type=\"heading.default\">\n\t\t\t\t\t<h2 class=\"elementor-heading-title elementor-size-default\">Atuamos de forma integrada \u00e0 arquitetura, desenvolvendo projetos onde a engenharia \u00e9 silenciosa, precisa e invis\u00edvel \u2014 permitindo que conforto e est\u00e9tica se tornem protagonistas.<\/h2>\t\t\t\t<\/div>\n\t\t\t\t<div class=\"elementor-element elementor-element-c25a2a5 elementor-widget elementor-widget-spacer\" data-id=\"c25a2a5\" data-element_type=\"widget\" data-widget_type=\"spacer.default\">\n\t\t\t\t\t\t\t<div class=\"elementor-spacer\">\n\t\t\t<div class=\"elementor-spacer-inner\"><\/div>\n\t\t<\/div>\n\t\t\t\t\t\t<\/div>\n\t\t\t\t<div class=\"elementor-element elementor-element-7ed35fe elementor-widget-divider--view-line elementor-widget elementor-widget-divider\" data-id=\"7ed35fe\" data-element_type=\"widget\" data-widget_type=\"divider.default\">\n\t\t\t\t\t\t\t<div class=\"elementor-divider\">\n\t\t\t<span class=\"elementor-divider-separator\">\n\t\t\t\t\t\t<\/span>\n\t\t<\/div>\n\t\t\t\t\t\t<\/div>\n\t\t\t\t\t<\/div>\n\t\t\t\t<\/div>\n\t\t<div class=\"elementor-element elementor-element-20b25f0 e-flex e-con-boxed wpr-particle-no wpr-jarallax-no wpr-parallax-no wpr-sticky-section-no e-con e-parent\" data-id=\"20b25f0\" data-element_type=\"container\">\n\t\t\t\t\t<div class=\"e-con-inner\">\n\t\t<div class=\"elementor-element elementor-element-610214f e-con-full e-flex wpr-particle-no wpr-jarallax-no wpr-parallax-no wpr-sticky-section-no e-con e-child\" data-id=\"610214f\" data-element_type=\"container\">\n\t\t\t\t<div class=\"elementor-element elementor-element-8390314 elementor-widget elementor-widget-image\" data-id=\"8390314\" data-element_type=\"widget\" data-widget_type=\"image.default\">\n\t\t\t\t\t\t\t\t\t\t\t\t\t\t\t<img fetchpriority=\"high\" decoding=\"async\" width=\"800\" height=\"534\" src=\"https:\/\/artelier.gsar.com.br\/wp-content\/uploads\/2026\/01\/ChatGPT-Image-13-de-jan.-de-2026-19_20_14-1024x683.png\" class=\"attachment-large size-large wp-image-227\" alt=\"\" srcset=\"https:\/\/artelier.gsar.com.br\/wp-content\/uploads\/2026\/01\/ChatGPT-Image-13-de-jan.-de-2026-19_20_14-1024x683.png 1024w, https:\/\/artelier.gsar.com.br\/wp-content\/uploads\/2026\/01\/ChatGPT-Image-13-de-jan.-de-2026-19_20_14-300x200.png 300w, https:\/\/artelier.gsar.com.br\/wp-content\/uploads\/2026\/01\/ChatGPT-Image-13-de-jan.-de-2026-19_20_14-768x512.png 768w, https:\/\/artelier.gsar.com.br\/wp-content\/uploads\/2026\/01\/ChatGPT-Image-13-de-jan.-de-2026-19_20_14.png 1536w\" sizes=\"(max-width: 800px) 100vw, 800px\" \/>\t\t\t\t\t\t\t\t\t\t\t\t\t\t\t<\/div>\n\t\t\t\t<\/div>\n\t\t<div class=\"elementor-element elementor-element-e492c8d e-con-full e-flex wpr-particle-no wpr-jarallax-no wpr-parallax-no wpr-sticky-section-no e-con e-child\" data-id=\"e492c8d\" data-element_type=\"container\">\n\t\t\t\t<div class=\"elementor-element elementor-element-be0a023 elementor-widget elementor-widget-image\" data-id=\"be0a023\" data-element_type=\"widget\" data-widget_type=\"image.default\">\n\t\t\t\t\t\t\t\t\t\t\t\t\t\t\t<img decoding=\"async\" width=\"683\" height=\"1024\" src=\"https:\/\/artelier.gsar.com.br\/wp-content\/uploads\/2026\/01\/ChatGPT-Image-14-de-jan.-de-2026-13_11_07-683x1024.png\" class=\"attachment-large size-large wp-image-295\" alt=\"\" srcset=\"https:\/\/artelier.gsar.com.br\/wp-content\/uploads\/2026\/01\/ChatGPT-Image-14-de-jan.-de-2026-13_11_07-683x1024.png 683w, https:\/\/artelier.gsar.com.br\/wp-content\/uploads\/2026\/01\/ChatGPT-Image-14-de-jan.-de-2026-13_11_07-200x300.png 200w, https:\/\/artelier.gsar.com.br\/wp-content\/uploads\/2026\/01\/ChatGPT-Image-14-de-jan.-de-2026-13_11_07-768x1152.png 768w, https:\/\/artelier.gsar.com.br\/wp-content\/uploads\/2026\/01\/ChatGPT-Image-14-de-jan.-de-2026-13_11_07.png 1024w\" sizes=\"(max-width: 683px) 100vw, 683px\" \/>\t\t\t\t\t\t\t\t\t\t\t\t\t\t\t<\/div>\n\t\t\t\t<\/div>\n\t\t\t\t\t<\/div>\n\t\t\t\t<\/div>\n\t\t<div class=\"elementor-element elementor-element-eeb0361 e-flex e-con-boxed wpr-particle-no wpr-jarallax-no wpr-parallax-no wpr-sticky-section-no e-con e-parent\" data-id=\"eeb0361\" data-element_type=\"container\">\n\t\t\t\t\t<div class=\"e-con-inner\">\n\t\t\t\t<div class=\"elementor-element elementor-element-b14aed3 elementor-align-center elementor-widget elementor-widget-button\" data-id=\"b14aed3\" data-element_type=\"widget\" data-widget_type=\"button.default\">\n\t\t\t\t\t\t\t\t\t\t<a class=\"elementor-button elementor-button-link elementor-size-sm\" href=\"https:\/\/artelier.gsar.com.br\/\">\n\t\t\t\t\t\t<span class=\"elementor-button-content-wrapper\">\n\t\t\t\t\t\t\t\t\t<span class=\"elementor-button-text\">Conhe\u00e7a a ARtelier<\/span>\n\t\t\t\t\t<\/span>\n\t\t\t\t\t<\/a>\n\t\t\t\t\t\t\t\t<\/div>\n\t\t\t\t\t<\/div>\n\t\t\t\t<\/div>\n\t\t\t\t<\/div>\n\t\t","protected":false},"excerpt":{"rendered":"<p>Sobre a ARtelier Vamos conversar sobre o seu projeto. A ARtelier \u00e9 um est\u00fadio de engenharia especializado em solu\u00e7\u00f5es sob medida para resid\u00eancias de alto padr\u00e3o. Atuamos de forma integrada \u00e0 arquitetura, desenvolvendo projetos onde a engenharia \u00e9 silenciosa, precisa e invis\u00edvel \u2014 permitindo que conforto e est\u00e9tica se tornem protagonistas. Conhe\u00e7a a ARtelier<\/p>\n","protected":false},"author":1,"featured_media":0,"parent":0,"menu_order":0,"comment_status":"closed","ping_status":"closed","template":"elementor_header_footer","meta":{"footnotes":""},"class_list":["post-13","page","type-page","status-publish","hentry"],"_hostinger_reach_plugin_has_subscription_block":false,"_hostinger_reach_plugin_is_elementor":false,"_links":{"self":[{"href":"https:\/\/artelier.gsar.com.br\/index.php?rest_route=\/wp\/v2\/pages\/13","targetHints":{"allow":["GET"]}}],"collection":[{"href":"https:\/\/artelier.gsar.com.br\/index.php?rest_route=\/wp\/v2\/pages"}],"about":[{"href":"https:\/\/artelier.gsar.com.br\/index.php?rest_route=\/wp\/v2\/types\/page"}],"author":[{"embeddable":true,"href":"https:\/\/artelier.gsar.com.br\/index.php?rest_route=\/wp\/v2\/users\/1"}],"replies":[{"embeddable":true,"href":"https:\/\/artelier.gsar.com.br\/index.php?rest_route=%2Fwp%2Fv2%2Fcomments&post=13"}],"version-history":[{"count":64,"href":"https:\/\/artelier.gsar.com.br\/index.php?rest_route=\/wp\/v2\/pages\/13\/revisions"}],"predecessor-version":[{"id":473,"href":"https:\/\/artelier.gsar.com.br\/index.php?rest_route=\/wp\/v2\/pages\/13\/revisions\/473"}],"wp:attachment":[{"href":"https:\/\/artelier.gsar.com.br\/index.php?rest_route=%2Fwp%2Fv2%2Fmedia&parent=13"}],"curies":[{"name":"wp","href":"https:\/\/api.w.org\/{rel}","templated":true}]}}