{"id":24,"date":"2025-12-20T16:35:15","date_gmt":"2025-12-20T19:35:15","guid":{"rendered":"https:\/\/artelier.gsar.com.br\/?page_id=24"},"modified":"2026-01-28T16:13:56","modified_gmt":"2026-01-28T19:13:56","slug":"home","status":"publish","type":"page","link":"https:\/\/artelier.gsar.com.br\/","title":{"rendered":"home"},"content":{"rendered":"\t\t<div data-elementor-type=\"wp-page\" data-elementor-id=\"24\" class=\"elementor elementor-24\">\n\t\t\t\t<div class=\"elementor-element elementor-element-3b263bf e-con-full e-flex wpr-particle-no wpr-jarallax-no wpr-parallax-no wpr-sticky-section-no e-con e-parent\" data-id=\"3b263bf\" data-element_type=\"container\" data-settings=\"{&quot;background_background&quot;:&quot;classic&quot;}\">\n\t\t\t\t<div class=\"elementor-element elementor-element-bf8e4e1 elementor-absolute elementor-widget-mobile__width-initial elementor-widget elementor-widget-heading\" data-id=\"bf8e4e1\" data-element_type=\"widget\" data-settings=\"{&quot;_position&quot;:&quot;absolute&quot;}\" data-widget_type=\"heading.default\">\n\t\t\t\t\t<h2 class=\"elementor-heading-title elementor-size-default\">A Arte de Manipular o Invis\u00edvel <\/h2>\t\t\t\t<\/div>\n\t\t\t\t<div class=\"elementor-element elementor-element-bd27433 elementor-widget__width-initial elementor-absolute elementor-widget-tablet__width-initial elementor-widget-mobile__width-initial elementor-widget elementor-widget-heading\" data-id=\"bd27433\" data-element_type=\"widget\" data-settings=\"{&quot;_position&quot;:&quot;absolute&quot;}\" data-widget_type=\"heading.default\">\n\t\t\t\t\t<h2 class=\"elementor-heading-title elementor-size-default\">Engenharia do Conforto e da Est\u00e9tica para<br> resid\u00eancias de alto padr\u00e3o <\/h2>\t\t\t\t<\/div>\n\t\t\t\t<div class=\"elementor-element elementor-element-1df956a elementor-widget__width-initial elementor-absolute elementor-widget-tablet__width-initial elementor-widget elementor-widget-button\" data-id=\"1df956a\" data-element_type=\"widget\" data-settings=\"{&quot;_position&quot;:&quot;absolute&quot;}\" data-widget_type=\"button.default\">\n\t\t\t\t\t\t\t\t\t\t<a class=\"elementor-button elementor-button-link elementor-size-sm\" href=\"#\">\n\t\t\t\t\t\t<span class=\"elementor-button-content-wrapper\">\n\t\t\t\t\t\t\t\t\t<span class=\"elementor-button-text\">cocnhe\u00e7a nossos projetos<\/span>\n\t\t\t\t\t<\/span>\n\t\t\t\t\t<\/a>\n\t\t\t\t\t\t\t\t<\/div>\n\t\t\t\t<div class=\"elementor-element elementor-element-d3fbd7c elementor-widget elementor-widget-spacer\" data-id=\"d3fbd7c\" data-element_type=\"widget\" data-widget_type=\"spacer.default\">\n\t\t\t\t\t\t\t<div class=\"elementor-spacer\">\n\t\t\t<div class=\"elementor-spacer-inner\"><\/div>\n\t\t<\/div>\n\t\t\t\t\t\t<\/div>\n\t\t\t\t<\/div>\n\t\t<div class=\"elementor-element elementor-element-487fffb e-flex e-con-boxed wpr-particle-no wpr-jarallax-no wpr-parallax-no wpr-sticky-section-no e-con e-parent\" data-id=\"487fffb\" data-element_type=\"container\">\n\t\t\t\t\t<div class=\"e-con-inner\">\n\t\t\t\t<div class=\"elementor-element elementor-element-e0adb2c elementor-widget__width-initial elementor-absolute elementor-hidden-mobile elementor-widget elementor-widget-heading\" data-id=\"e0adb2c\" data-element_type=\"widget\" data-settings=\"{&quot;_position&quot;:&quot;absolute&quot;}\" data-widget_type=\"heading.default\">\n\t\t\t\t\t<h2 class=\"elementor-heading-title elementor-size-default\">A ARtelier \u00e9 um est\u00fadio de engenharia especializado em solu\u00e7\u00f5es sob medida para resid\u00eancias de alto padr\u00e3o. Atuamos de forma integrada \u00e0 arquitetura, desenvolvendo projetos onde a engenharia \u00e9 silenciosa, precisa e invis\u00edvel \u2014 permitindo que conforto, efici\u00eancia e est\u00e9tica sejam os verdadeiros protagonistas.\n<\/h2>\t\t\t\t<\/div>\n\t\t\t\t<div class=\"elementor-element elementor-element-4d5d15c elementor-widget__width-initial elementor-absolute elementor-hidden-mobile elementor-widget elementor-widget-heading\" data-id=\"4d5d15c\" data-element_type=\"widget\" data-settings=\"{&quot;_position&quot;:&quot;absolute&quot;}\" data-widget_type=\"heading.default\">\n\t\t\t\t\t<h2 class=\"elementor-heading-title elementor-size-default\">Com foco absoluto em personaliza\u00e7\u00e3o, traduzimos necessidades t\u00e9cnicas e sensoriais em experi\u00eancias de morar mais confort\u00e1veis, sofisticadas e eficientes. Cada projeto \u00e9 acompanhado de perto, garantindo fidelidade total entre conceito, execu\u00e7\u00e3o e resultado final.<\/h2>\t\t\t\t<\/div>\n\t\t\t\t<div class=\"elementor-element elementor-element-950cfd8 elementor-widget__width-initial elementor-absolute elementor-widget-mobile__width-initial elementor-hidden-tablet elementor-widget elementor-widget-heading\" data-id=\"950cfd8\" data-element_type=\"widget\" data-settings=\"{&quot;_position&quot;:&quot;absolute&quot;}\" data-widget_type=\"heading.default\">\n\t\t\t\t\t<h2 class=\"elementor-heading-title elementor-size-default\">A ARtelier \u00e9 a divis\u00e3o premium da Green Solutions, dedicada \u00e0 climatiza\u00e7\u00e3o residencial com solu\u00e7\u00f5es invis\u00edveis e esteticamente integradas, atendendo arquitetos, construtoras boutique e clientes finais de perfil exigente.<\/h2>\t\t\t\t<\/div>\n\t\t<div class=\"elementor-element elementor-element-ab55087 e-con-full e-flex wpr-particle-no wpr-jarallax-no wpr-parallax-no wpr-sticky-section-no e-con e-child\" data-id=\"ab55087\" data-element_type=\"container\">\n\t\t\t\t<div class=\"elementor-element elementor-element-efeddad elementor-absolute elementor-hidden-mobile elementor-widget elementor-widget-heading\" data-id=\"efeddad\" data-element_type=\"widget\" data-settings=\"{&quot;_position&quot;:&quot;absolute&quot;}\" data-widget_type=\"heading.default\">\n\t\t\t\t\t<h2 class=\"elementor-heading-title elementor-size-default\">Sobre a Artelier<\/h2>\t\t\t\t<\/div>\n\t\t\t\t<\/div>\n\t\t<div class=\"elementor-element elementor-element-3ede89b e-con-full e-flex wpr-particle-no wpr-jarallax-no wpr-parallax-no wpr-sticky-section-no e-con e-child\" data-id=\"3ede89b\" data-element_type=\"container\">\n\t\t\t\t<div class=\"elementor-element elementor-element-f814cd0 elementor-widget elementor-widget-image\" data-id=\"f814cd0\" data-element_type=\"widget\" data-widget_type=\"image.default\">\n\t\t\t\t\t\t\t\t\t\t\t\t\t\t\t<img fetchpriority=\"high\" decoding=\"async\" width=\"683\" height=\"1024\" src=\"https:\/\/artelier.gsar.com.br\/wp-content\/uploads\/2026\/01\/ChatGPT-Image-14-de-jan.-de-2026-13_11_07-683x1024.png\" class=\"attachment-large size-large wp-image-295\" alt=\"\" srcset=\"https:\/\/artelier.gsar.com.br\/wp-content\/uploads\/2026\/01\/ChatGPT-Image-14-de-jan.-de-2026-13_11_07-683x1024.png 683w, https:\/\/artelier.gsar.com.br\/wp-content\/uploads\/2026\/01\/ChatGPT-Image-14-de-jan.-de-2026-13_11_07-200x300.png 200w, https:\/\/artelier.gsar.com.br\/wp-content\/uploads\/2026\/01\/ChatGPT-Image-14-de-jan.-de-2026-13_11_07-768x1152.png 768w, https:\/\/artelier.gsar.com.br\/wp-content\/uploads\/2026\/01\/ChatGPT-Image-14-de-jan.-de-2026-13_11_07.png 1024w\" sizes=\"(max-width: 683px) 100vw, 683px\" \/>\t\t\t\t\t\t\t\t\t\t\t\t\t\t\t<\/div>\n\t\t\t\t<\/div>\n\t\t\t\t\t<\/div>\n\t\t\t\t<\/div>\n\t\t<div class=\"elementor-element elementor-element-1e54063 e-flex e-con-boxed wpr-particle-no wpr-jarallax-no wpr-parallax-no wpr-sticky-section-no e-con e-parent\" data-id=\"1e54063\" data-element_type=\"container\">\n\t\t\t\t\t<div class=\"e-con-inner\">\n\t\t\t\t<div class=\"elementor-element elementor-element-2fafea5 elementor-widget-divider--view-line elementor-widget elementor-widget-divider\" data-id=\"2fafea5\" data-element_type=\"widget\" data-widget_type=\"divider.default\">\n\t\t\t\t\t\t\t<div class=\"elementor-divider\">\n\t\t\t<span class=\"elementor-divider-separator\">\n\t\t\t\t\t\t<\/span>\n\t\t<\/div>\n\t\t\t\t\t\t<\/div>\n\t\t\t\t\t<\/div>\n\t\t\t\t<\/div>\n\t\t<div class=\"elementor-element elementor-element-313ce10 e-flex e-con-boxed wpr-particle-no wpr-jarallax-no wpr-parallax-no wpr-sticky-section-no e-con e-parent\" data-id=\"313ce10\" data-element_type=\"container\">\n\t\t\t\t\t<div class=\"e-con-inner\">\n\t\t<div class=\"elementor-element elementor-element-78e7c32 e-con-full e-flex wpr-particle-no wpr-jarallax-no wpr-parallax-no wpr-sticky-section-no e-con e-child\" data-id=\"78e7c32\" data-element_type=\"container\">\n\t\t\t\t<div class=\"elementor-element elementor-element-a9790bc elementor-widget elementor-widget-heading\" data-id=\"a9790bc\" data-element_type=\"widget\" data-widget_type=\"heading.default\">\n\t\t\t\t\t<h2 class=\"elementor-heading-title elementor-size-default\">Conforto como experi\u00eancia<\/h2>\t\t\t\t<\/div>\n\t\t\t\t<\/div>\n\t\t<div class=\"elementor-element elementor-element-6b33764 e-con-full e-flex wpr-particle-no wpr-jarallax-no wpr-parallax-no wpr-sticky-section-no e-con e-child\" data-id=\"6b33764\" data-element_type=\"container\">\n\t\t\t\t<div class=\"elementor-element elementor-element-ac769a9 elementor-widget elementor-widget-heading\" data-id=\"ac769a9\" data-element_type=\"widget\" data-widget_type=\"heading.default\">\n\t\t\t\t\t<h2 class=\"elementor-heading-title elementor-size-default\">Diferenciais<\/h2>\t\t\t\t<\/div>\n\t\t\t\t<\/div>\n\t\t<div class=\"elementor-element elementor-element-bf8eb95 e-con-full e-flex wpr-particle-no wpr-jarallax-no wpr-parallax-no wpr-sticky-section-no e-con e-child\" data-id=\"bf8eb95\" data-element_type=\"container\">\n\t\t\t\t<div class=\"elementor-element elementor-element-5bd78e3 elementor-widget elementor-widget-heading\" data-id=\"5bd78e3\" data-element_type=\"widget\" data-widget_type=\"heading.default\">\n\t\t\t\t\t<h2 class=\"elementor-heading-title elementor-size-default\">Execu\u00e7\u00e3o acompanhada\n<\/h2>\t\t\t\t<\/div>\n\t\t\t\t<\/div>\n\t\t<div class=\"elementor-element elementor-element-d76cdc0 e-con-full e-flex wpr-particle-no wpr-jarallax-no wpr-parallax-no wpr-sticky-section-no e-con e-child\" data-id=\"d76cdc0\" data-element_type=\"container\">\n\t\t\t\t<div class=\"elementor-element elementor-element-7c2c7c1 elementor-widget elementor-widget-heading\" data-id=\"7c2c7c1\" data-element_type=\"widget\" data-widget_type=\"heading.default\">\n\t\t\t\t\t<h2 class=\"elementor-heading-title elementor-size-default\">Engenharia invis\u00edvel<\/h2>\t\t\t\t<\/div>\n\t\t\t\t<\/div>\n\t\t<div class=\"elementor-element elementor-element-0ecd30c e-con-full e-flex wpr-particle-no wpr-jarallax-no wpr-parallax-no wpr-sticky-section-no e-con e-child\" data-id=\"0ecd30c\" data-element_type=\"container\">\n\t\t\t\t<div class=\"elementor-element elementor-element-f6b898d elementor-widget elementor-widget-heading\" data-id=\"f6b898d\" data-element_type=\"widget\" data-widget_type=\"heading.default\">\n\t\t\t\t\t<h2 class=\"elementor-heading-title elementor-size-default\">Arquitetura integrada\n\n<\/h2>\t\t\t\t<\/div>\n\t\t\t\t<\/div>\n\t\t<div class=\"elementor-element elementor-element-96ebb89 e-con-full e-flex wpr-particle-no wpr-jarallax-no wpr-parallax-no wpr-sticky-section-no e-con e-child\" data-id=\"96ebb89\" data-element_type=\"container\">\n\t\t\t\t<div class=\"elementor-element elementor-element-1caa56f elementor-widget elementor-widget-heading\" data-id=\"1caa56f\" data-element_type=\"widget\" data-widget_type=\"heading.default\">\n\t\t\t\t\t<h2 class=\"elementor-heading-title elementor-size-default\">Personaliza\u00e7\u00e3o total<\/h2>\t\t\t\t<\/div>\n\t\t\t\t<\/div>\n\t\t\t\t\t<\/div>\n\t\t\t\t<\/div>\n\t\t<div class=\"elementor-element elementor-element-6f359df e-flex e-con-boxed wpr-particle-no wpr-jarallax-no wpr-parallax-no wpr-sticky-section-no e-con e-parent\" data-id=\"6f359df\" data-element_type=\"container\" data-settings=\"{&quot;background_background&quot;:&quot;classic&quot;}\">\n\t\t\t\t\t<div class=\"e-con-inner\">\n\t\t\t\t<div class=\"elementor-element elementor-element-77481ba elementor-widget elementor-widget-spacer\" data-id=\"77481ba\" data-element_type=\"widget\" data-widget_type=\"spacer.default\">\n\t\t\t\t\t\t\t<div class=\"elementor-spacer\">\n\t\t\t<div class=\"elementor-spacer-inner\"><\/div>\n\t\t<\/div>\n\t\t\t\t\t\t<\/div>\n\t\t\t\t\t<\/div>\n\t\t\t\t<\/div>\n\t\t<div class=\"elementor-element elementor-element-1d1bf4e e-flex e-con-boxed wpr-particle-no wpr-jarallax-no wpr-parallax-no wpr-sticky-section-no e-con e-parent\" data-id=\"1d1bf4e\" data-element_type=\"container\">\n\t\t\t\t\t<div class=\"e-con-inner\">\n\t\t\t\t<div class=\"elementor-element elementor-element-987c595 elementor-widget elementor-widget-spacer\" data-id=\"987c595\" data-element_type=\"widget\" data-widget_type=\"spacer.default\">\n\t\t\t\t\t\t\t<div class=\"elementor-spacer\">\n\t\t\t<div class=\"elementor-spacer-inner\"><\/div>\n\t\t<\/div>\n\t\t\t\t\t\t<\/div>\n\t\t\t\t<div class=\"elementor-element elementor-element-67921da elementor-widget elementor-widget-heading\" data-id=\"67921da\" data-element_type=\"widget\" data-widget_type=\"heading.default\">\n\t\t\t\t\t<h2 class=\"elementor-heading-title elementor-size-default\">Projetamos para arquitetos, construtoras boutique\ne clientes que exigem excel\u00eancia t\u00e9cnica\nsem abrir m\u00e3o da est\u00e9tica.<\/h2>\t\t\t\t<\/div>\n\t\t\t\t\t<\/div>\n\t\t\t\t<\/div>\n\t\t\t\t<\/div>\n\t\t","protected":false},"excerpt":{"rendered":"<p>A Arte de Manipular o Invis\u00edvel Engenharia do Conforto e da Est\u00e9tica para resid\u00eancias de alto padr\u00e3o cocnhe\u00e7a nossos projetos A ARtelier \u00e9 um est\u00fadio de engenharia especializado em solu\u00e7\u00f5es sob medida para resid\u00eancias de alto padr\u00e3o. Atuamos de forma integrada \u00e0 arquitetura, desenvolvendo projetos onde a engenharia \u00e9 silenciosa, precisa e invis\u00edvel \u2014 permitindo que conforto, efici\u00eancia e est\u00e9tica sejam os verdadeiros protagonistas. Com foco absoluto em personaliza\u00e7\u00e3o, traduzimos necessidades t\u00e9cnicas e sensoriais em experi\u00eancias de morar mais confort\u00e1veis, sofisticadas e eficientes. Cada projeto \u00e9 acompanhado de perto, garantindo fidelidade total entre conceito, execu\u00e7\u00e3o e resultado final. A ARtelier \u00e9 a divis\u00e3o premium da Green Solutions, dedicada \u00e0 climatiza\u00e7\u00e3o residencial com solu\u00e7\u00f5es invis\u00edveis e esteticamente integradas, atendendo arquitetos, construtoras boutique e clientes finais de perfil exigente. Sobre a Artelier Conforto como experi\u00eancia Diferenciais Execu\u00e7\u00e3o acompanhada Engenharia invis\u00edvel Arquitetura integrada Personaliza\u00e7\u00e3o total Projetamos para arquitetos, construtoras boutique e clientes que exigem excel\u00eancia t\u00e9cnica sem abrir m\u00e3o da est\u00e9tica.<\/p>\n","protected":false},"author":1,"featured_media":0,"parent":0,"menu_order":0,"comment_status":"closed","ping_status":"closed","template":"elementor_header_footer","meta":{"footnotes":""},"class_list":["post-24","page","type-page","status-publish","hentry"],"_hostinger_reach_plugin_has_subscription_block":false,"_hostinger_reach_plugin_is_elementor":false,"_links":{"self":[{"href":"https:\/\/artelier.gsar.com.br\/index.php?rest_route=\/wp\/v2\/pages\/24","targetHints":{"allow":["GET"]}}],"collection":[{"href":"https:\/\/artelier.gsar.com.br\/index.php?rest_route=\/wp\/v2\/pages"}],"about":[{"href":"https:\/\/artelier.gsar.com.br\/index.php?rest_route=\/wp\/v2\/types\/page"}],"author":[{"embeddable":true,"href":"https:\/\/artelier.gsar.com.br\/index.php?rest_route=\/wp\/v2\/users\/1"}],"replies":[{"embeddable":true,"href":"https:\/\/artelier.gsar.com.br\/index.php?rest_route=%2Fwp%2Fv2%2Fcomments&post=24"}],"version-history":[{"count":196,"href":"https:\/\/artelier.gsar.com.br\/index.php?rest_route=\/wp\/v2\/pages\/24\/revisions"}],"predecessor-version":[{"id":513,"href":"https:\/\/artelier.gsar.com.br\/index.php?rest_route=\/wp\/v2\/pages\/24\/revisions\/513"}],"wp:attachment":[{"href":"https:\/\/artelier.gsar.com.br\/index.php?rest_route=%2Fwp%2Fv2%2Fmedia&parent=24"}],"curies":[{"name":"wp","href":"https:\/\/api.w.org\/{rel}","templated":true}]}}